{"id":659,"date":"2018-01-22T14:31:21","date_gmt":"2018-01-22T13:31:21","guid":{"rendered":"https:\/\/www.meretroth.com\/?page_id=659"},"modified":"2021-10-31T11:12:52","modified_gmt":"2021-10-31T10:12:52","slug":"kulturmanagement","status":"publish","type":"page","link":"https:\/\/www.meretroth.com\/fr\/kulturmanagement\/","title":{"rendered":"Gestion culturelle"},"content":{"rendered":"<p><span style=\"color: #008080;\"><strong>Carri\u00e8re professionnelle<br><\/strong><\/span><\/p>\n\n\n\n<p><span style=\"color: #008080;\">2021&nbsp; &nbsp; &nbsp; &nbsp; &nbsp; &nbsp; &nbsp; &nbsp; &nbsp; &nbsp; &nbsp; &nbsp; &nbsp;<strong>Projet FrauM\u00fcnsterhof2021<\/strong> &#8211; Programme &amp; Communication<br>D\u00e8s 2018&nbsp; &nbsp; &nbsp; &nbsp; &nbsp; &nbsp; &nbsp; &nbsp; &nbsp;<strong>Op\u00e9ra de Zurich<\/strong>&nbsp;&#8211; Eventmanagement<\/span><br><span style=\"color: #008080;\">D\u00e8s 2019&nbsp; &nbsp; &nbsp; &nbsp; &nbsp; &nbsp; &nbsp; &nbsp; &nbsp;<b>Conseill\u00e8re Fondation Credis<\/b> &#8211; pour des jeunes musicien*nes<\/span><br><span style=\"color: #008080;\">2018&nbsp; &nbsp; &nbsp; &nbsp; &nbsp; &nbsp; &nbsp; &nbsp; &nbsp; &nbsp; &nbsp; <strong>&nbsp;&nbsp; Philharmonie de Paris<\/strong> &#8211; Concerts et Sp\u00e9ctacles<\/span><br><span style=\"color: #008080;\">2015-2017&nbsp; &nbsp; &nbsp; &nbsp; &nbsp; &nbsp; &nbsp; <strong>Op\u00e9ra de Zurich<\/strong> &#8211; Marketing \/ Communication<\/span><br><span style=\"color: #008080;\">2012-2015&nbsp; &nbsp; &nbsp; &nbsp; &nbsp; &nbsp; &nbsp; <strong>Stolze Openair Zurich<\/strong> &#8211; Communication \/ Programme<\/span><br><span style=\"color: #008080;\">2012-2015&nbsp; &nbsp; &nbsp; &nbsp; &nbsp; &nbsp; &nbsp; &nbsp;<strong>Agence de concerts ZHdK<\/strong> &#8211; Agente<\/span><br><span style=\"color: #008080;\">2009&nbsp; &nbsp; &nbsp; &nbsp; &nbsp; &nbsp; &nbsp; &nbsp; &nbsp; &nbsp; &nbsp; &nbsp; &nbsp; <strong>Schweizer Illustrierte <\/strong>(People-Magazin) &#8211; Base de donn\u00e9es<\/span><br><span style=\"color: #008080;\">2008&nbsp; &nbsp; &nbsp; &nbsp; &nbsp; &nbsp; &nbsp; &nbsp; &nbsp; &nbsp; &nbsp; &nbsp; &nbsp; <strong>Schauspielhaus Zurich<\/strong> &#8211; Presse \/ Marketing<\/span><br><span style=\"color: #008080;\">2008&nbsp; &nbsp; &nbsp; &nbsp; &nbsp; &nbsp; &nbsp; &nbsp; &nbsp; &nbsp; &nbsp; &nbsp; &nbsp; <strong>Maag Event Hall Zurich<\/strong> &#8211; Administration<\/span><br><span style=\"color: #008080;\">2006&nbsp; &nbsp; &nbsp; &nbsp; &nbsp; &nbsp; &nbsp; &nbsp; &nbsp; &nbsp; &nbsp; &nbsp; &nbsp; <strong>&lsquo;Presence Productions&rsquo; Zurich<\/strong> &#8211; Production de film <strong><br><\/strong><\/span><\/p>","protected":false},"excerpt":{"rendered":"<p>Carri\u00e8re professionnelle 2021&nbsp; &nbsp; &nbsp; &nbsp; &nbsp; &nbsp; &nbsp; &nbsp; &nbsp; &nbsp; &nbsp; &nbsp; &nbsp;Projet FrauM\u00fcnsterhof2021 &#8211; Programme &amp; CommunicationD\u00e8s 2018&nbsp; &nbsp; &nbsp; &nbsp; &nbsp; &nbsp; &nbsp; &nbsp; &nbsp;Op\u00e9ra de<a href=\"https:\/\/www.meretroth.com\/fr\/kulturmanagement\/\" class=\"more-link\"><span class=\"readmore\">Continue reading<span class=\"screen-reader-text\">Gestion culturelle<\/span><\/span><\/a><\/p>\n","protected":false},"author":3,"featured_media":5,"parent":0,"menu_order":0,"comment_status":"closed","ping_status":"closed","template":"","meta":{"footnotes":""},"class_list":["post-659","page","type-page","status-publish","has-post-thumbnail","hentry"],"_links":{"self":[{"href":"https:\/\/www.meretroth.com\/fr\/wp-json\/wp\/v2\/pages\/659","targetHints":{"allow":["GET"]}}],"collection":[{"href":"https:\/\/www.meretroth.com\/fr\/wp-json\/wp\/v2\/pages"}],"about":[{"href":"https:\/\/www.meretroth.com\/fr\/wp-json\/wp\/v2\/types\/page"}],"author":[{"embeddable":true,"href":"https:\/\/www.meretroth.com\/fr\/wp-json\/wp\/v2\/users\/3"}],"replies":[{"embeddable":true,"href":"https:\/\/www.meretroth.com\/fr\/wp-json\/wp\/v2\/comments?post=659"}],"version-history":[{"count":37,"href":"https:\/\/www.meretroth.com\/fr\/wp-json\/wp\/v2\/pages\/659\/revisions"}],"predecessor-version":[{"id":5703,"href":"https:\/\/www.meretroth.com\/fr\/wp-json\/wp\/v2\/pages\/659\/revisions\/5703"}],"wp:featuredmedia":[{"embeddable":true,"href":"https:\/\/www.meretroth.com\/fr\/wp-json\/wp\/v2\/media\/5"}],"wp:attachment":[{"href":"https:\/\/www.meretroth.com\/fr\/wp-json\/wp\/v2\/media?parent=659"}],"curies":[{"name":"wp","href":"https:\/\/api.w.org\/{rel}","templated":true}]}}