{"id":210,"date":"2017-03-02T18:29:56","date_gmt":"2017-03-02T17:29:56","guid":{"rendered":"https:\/\/www.meretroth.com\/?page_id=210"},"modified":"2021-10-31T10:58:42","modified_gmt":"2021-10-31T09:58:42","slug":"presse","status":"publish","type":"page","link":"https:\/\/www.meretroth.com\/fr\/presse\/","title":{"rendered":"Dans la Presse"},"content":{"rendered":"<p style=\"text-align: center;\"><span style=\"color: #000000;\">\u00ab\u00a0Ihre glasklare Intonation sowie die sp\u00fcrbare Freude an den Facetten der menschlichen Stimme, ihren T\u00f6nen und Koloraturen, machen die Lieder zum Gesangserlebnis. Zum Auftakt intonierte <strong>Meret<\/strong> Schuberts \u00abForelle\u00bb und f\u00fcllt mit ihrem glockenhellen Sopran vom ersten Ton an den Raum.\u00a0\u00bb<br \/>\n<strong><a style=\"color: #000000;\" href=\"http:\/\/prima-volta.ch\/abendlied-ein-subjektiver-konzertbericht\/\"><em>Prima Volta Z\u00fcrich<\/em><\/a><\/strong><\/span><\/p>\n<p style=\"text-align: center;\"><span style=\"color: #000000;\">******<\/span><\/p>\n<p style=\"text-align: center;\"><span style=\"color: #000000;\">\u00ab\u00a0Mit ihrer klaren, einf\u00fchlsamen, dabei auch temperamentvollen Stimme gab Sopranistin <strong>Meret Roth<\/strong> den gut ausgew\u00e4hlten, froh bewegten Arien der beiden<br \/>\nMeister starken Ausdruck.\u00a0\u00bb<br \/>\n<em>Barockkonzert \u00ab\u00a0Telemann und H\u00e4ndel, eine Musikerfreundschaft\u00a0\u00bb \u00a0&#8211; \u00a0<\/em><em>Museum Rosenegg, Kreuzlingen<\/em><strong><em><br \/>\n<\/em><em>Thurgauer Zeitung<\/em><\/strong><\/span><\/p>\n<p style=\"text-align: center;\"><span style=\"color: #000000;\">******<\/span><\/p>\n<p style=\"text-align: center;\"><span style=\"color: #000000;\">\u00a0\u00bb [&#8230;] <strong>Meret Roth<\/strong> f\u00fcgte sich mit ihrer wundersch\u00f6nen, warmen Stimme sehr gut ein. In allen Punkten war dieses zeitgen\u00f6ssische Werk ein sehr inniges, wirkungsvolles St\u00fcck.\u00a0\u00bb<br \/>\n<em>Konzert zum Palmsonntag, Leitung Michael Kobelt<br \/>\n<\/em><strong><em>Kilchberger<\/em><\/strong><\/span><\/p>\n<p style=\"text-align: center;\"><span style=\"color: #000000;\"><em>******<\/em><\/span><\/p>\n<p style=\"text-align: center;\"><span style=\"color: #000000;\">\u00ab\u00a0[Im Programm auch] \u00a0\u00ab\u00a0Stripsody\u00a0\u00bb von Cathy Berberian. Anstelle von Noten schrieb die Amerikanerin ihre von Ger\u00e4uschen getragene Musik mit einer Comicschrift nieder, die <strong>Meret Roth<\/strong> im Solo vom Sumsen einer l\u00e4stigen Fliege \u00fcber Motorradbrausen bis zum finalen \u00abP\u00e4ng\u00bb mit viel schauspielerischem Geschick zum Leben erweckte.\u00a0\u00bb<br \/>\n<strong><em>Z\u00fcrichsee-Zeitung<\/em><\/strong><\/span><\/p>\n<p style=\"text-align: center;\"><span style=\"color: #000000;\">******<\/span><\/p>\n<p style=\"text-align: center;\"><span style=\"color: #000000;\">\u00ab\u00a0[&#8230;] Wie all diese T\u00e4tigkeiten auch sein erstaunlich vielf\u00e4ltiges kompositorisches Schaffen beeinflusst haben, wie sch\u00f6n war es an diesem Geburtstagskonzert zu erleben: Wunderbar die in jedem Moment fasslichen r\u00e4toromanischen Lieder \u00abGiarsun\u00bb (1978) auf Texte von Leta Semadeni (mit einem Ensemble um die Sopranistin <strong>Meret Roth<\/strong>) [&#8230;].\u00a0\u00bb<br \/>\n<a style=\"color: #000000;\" href=\"http:\/\/www.nzz.ch\/aktuell\/zuerich\/zuercher_kultur\/bezaubernde-klangzeichen-1.18078859\" target=\"_blank\" rel=\"noopener noreferrer\">Konzert zum 70. Geburtstag von Martin Derungs<\/a><br \/>\n<strong><em>Neue Z\u00fcrcher Zeitung<\/em><\/strong><\/span><\/p>\n<p style=\"text-align: center;\"><span style=\"color: #000000;\"><em>******<\/em><\/span><\/p>\n<p style=\"text-align: center;\"><span style=\"color: #000000;\">\u00ab\u00a0Meret Roth verzaubert mit Barockem.\u00a0\u00bb<br \/>\n<em><strong>Kilchberger<\/strong><br \/>\n<\/em><\/span><\/p>\n<p style=\"text-align: center;\"><span style=\"color: #000000;\">******<\/span><\/p>\n<p style=\"text-align: center;\"><span style=\"color: #000000;\">\u00ab\u00a0<strong>Meret Roth<\/strong> hat sicher viele Konzertbesucher mit ihrer Stimme und sch\u00f6nen Sopransoli begeistert.\u00a0\u00bb<br \/>\n<strong><em>Kilchberger<\/em><\/strong><em><br \/>\n<\/em><\/span><\/p>\n<p style=\"text-align: center;\"><span style=\"color: #000000;\"><em>******<\/em><\/span><\/p>\n<p style=\"text-align: center;\"><span style=\"color: #000000;\">\u00ab\u00a0Am Neujahrskonzert begeisterte das Quartett um die Kilchberger <strong>Sopranistin Meret Roth<\/strong> [&#8230;] das Publikum. [&#8230;] die Darbietung liess die Herzen der G\u00e4ste im zum Bersten vollen Gartensaal des C. F. Meyer-Hauses h\u00f6her schlagen.\u00a0\u00bb<br \/>\nKonzert mit dem <a style=\"color: #000000;\" href=\"http:\/\/ensemble-lusciniol.com\/\" target=\"_blank\" rel=\"noopener noreferrer\">Barockensemble Luscinio<\/a>l<br \/>\n<strong><em>Z\u00fcrichsee-Zeitung<\/em><\/strong><\/span><\/p>\n<p style=\"text-align: center;\"><span style=\"color: #000000;\"><em>******<\/em><\/span><\/p>\n<p style=\"text-align: center;\"><span style=\"color: #000000;\">\u00ab\u00a0[&#8230;] Mutig, neugierig und mit einer lebendigen Vorliebe f\u00fcr Drama verschn\u00fcrt [das Ensemble Lusciniol] in seinen Barockinterpretationen die Zartheit aufkeimender Verliebtheit mit verqueren Gef\u00fchlswelten &#8211; und spielt dem Publikum immer wieder einen Schabernack, indem es die barocke \u00dcppigkeit in Modern-Minimalistisches \u00fcberlaufen l\u00e4sst.\u00a0\u00bb<br \/>\nKonzert mit dem <a style=\"color: #000000;\" href=\"http:\/\/ensemble-lusciniol.com\/\" target=\"_blank\" rel=\"noopener noreferrer\">Barockensemble Lusciniol<\/a><br \/>\n<strong><em>Z\u00fcrichsee-Zeitung<\/em><\/strong><\/span><\/p>\n<p style=\"text-align: center;\"><span style=\"color: #000000;\">******<\/span><\/p>\n<p style=\"text-align: center;\"><span style=\"color: #000000;\">\u00ab\u00a0Die vier Nachwuchstalente erz\u00e4hlen vielmehr Geschichten, als dass sie \u00ab\u00a0bloss\u00a0\u00bb Musik machen.\u00a0\u00bb<br \/>\nKonzert mit dem <a style=\"color: #000000;\" href=\"http:\/\/ensemble-lusciniol.com\/\" target=\"_blank\" rel=\"noopener noreferrer\">Barockensemble Lusciniol<\/a><br \/>\n<em><strong>Kilchberger<\/strong><\/em><\/span><\/p>\n<p style=\"text-align: center;\"><span style=\"color: #000000;\">******<\/span><\/p>\n<p style=\"text-align: center;\"><span style=\"color: #000000;\">\u00ab\u00a0Die poetische Welt aus \u00abGiarsun\u00bb, die voller Sehnsucht und rauhem Charme ist\u00a0und in der Astronauten aus Monden purzeln, erfuhr vor allem im Dialog von Gesang und Blockfl\u00f6te viel Tiefgang. F\u00fcr die <strong>Sopranistin Meret Roth<\/strong>, deren Stimme man sich nicht entziehen kann, war<\/span><br \/>\n<span style=\"color: #000000;\">es indes das erste Mal, auf Romanisch zu singen. \u00abWir haben die Lieder zusammen mit dem Komponisten einstudiert\u00bb, verr\u00e4t sie.\u00a0\u00bb<br \/>\n<strong><em>Z\u00fcrichsee-Zeitung<\/em><\/strong><\/span><\/p>\n<p style=\"text-align: center;\"><span style=\"color: #000000;\">******<\/span><\/p>\n<p style=\"text-align: center;\"><span style=\"color: #000000;\">\u00ab\u00a0Neues mit viel Enthusiasmus auszuprobieren, macht die 26-J\u00e4hrige, die im Master ihrer Gesangsausbildung steckt, auch aus.\u00a0\u00bb<br \/>\n<strong><em>Z\u00fcrichsee-Zeitung<\/em><\/strong><\/span><\/p>\n","protected":false},"excerpt":{"rendered":"<p>\u00ab\u00a0Ihre glasklare Intonation sowie die sp\u00fcrbare Freude an den Facetten der menschlichen Stimme, ihren T\u00f6nen und Koloraturen, machen die Lieder zum Gesangserlebnis. Zum Auftakt intonierte Meret Schuberts \u00abForelle\u00bb und f\u00fcllt<a href=\"https:\/\/www.meretroth.com\/fr\/presse\/\" class=\"more-link\"><span class=\"readmore\">Continue reading<span class=\"screen-reader-text\">Dans la Presse<\/span><\/span><\/a><\/p>\n","protected":false},"author":1,"featured_media":5,"parent":0,"menu_order":0,"comment_status":"closed","ping_status":"closed","template":"","meta":{"footnotes":""},"class_list":["post-210","page","type-page","status-publish","has-post-thumbnail","hentry"],"_links":{"self":[{"href":"https:\/\/www.meretroth.com\/fr\/wp-json\/wp\/v2\/pages\/210","targetHints":{"allow":["GET"]}}],"collection":[{"href":"https:\/\/www.meretroth.com\/fr\/wp-json\/wp\/v2\/pages"}],"about":[{"href":"https:\/\/www.meretroth.com\/fr\/wp-json\/wp\/v2\/types\/page"}],"author":[{"embeddable":true,"href":"https:\/\/www.meretroth.com\/fr\/wp-json\/wp\/v2\/users\/1"}],"replies":[{"embeddable":true,"href":"https:\/\/www.meretroth.com\/fr\/wp-json\/wp\/v2\/comments?post=210"}],"version-history":[{"count":14,"href":"https:\/\/www.meretroth.com\/fr\/wp-json\/wp\/v2\/pages\/210\/revisions"}],"predecessor-version":[{"id":5696,"href":"https:\/\/www.meretroth.com\/fr\/wp-json\/wp\/v2\/pages\/210\/revisions\/5696"}],"wp:featuredmedia":[{"embeddable":true,"href":"https:\/\/www.meretroth.com\/fr\/wp-json\/wp\/v2\/media\/5"}],"wp:attachment":[{"href":"https:\/\/www.meretroth.com\/fr\/wp-json\/wp\/v2\/media?parent=210"}],"curies":[{"name":"wp","href":"https:\/\/api.w.org\/{rel}","templated":true}]}}