{"id":176,"date":"2017-03-02T17:16:12","date_gmt":"2017-03-02T16:16:12","guid":{"rendered":"https:\/\/www.meretroth.com\/?page_id=176"},"modified":"2020-05-24T14:02:20","modified_gmt":"2020-05-24T12:02:20","slug":"audio","status":"publish","type":"page","link":"https:\/\/www.meretroth.com\/fr\/audio\/","title":{"rendered":"Audio"},"content":{"rendered":"<p><span style=\"color: #008080;\"><\/span><\/p>\n<p style=\"text-align: left;\"><span style=\"color: #008080;\">G.F. H\u00e4ndel: S\u00fcsser Blumen Ambraflocken&nbsp;<\/span><\/p>\n<audio class=\"wp-audio-shortcode\" id=\"audio-176-9\" preload=\"none\" style=\"width: 100%;\" controls=\"controls\"><source type=\"audio\/mpeg\" src=\"https:\/\/www.meretroth.com\/wp-content\/uploads\/2017\/03\/audio01_suesser_blumen_ambraflocken.mp3?_=9\" \/><a href=\"https:\/\/www.meretroth.com\/wp-content\/uploads\/2017\/03\/audio01_suesser_blumen_ambraflocken.mp3\">https:\/\/www.meretroth.com\/wp-content\/uploads\/2017\/03\/audio01_suesser_blumen_ambraflocken.mp3<\/a><\/audio>\n<p style=\"text-align: left;\"><span style=\"color: #008080;\">John Dowland: Flow My Tears<\/span><\/p>\n<audio class=\"wp-audio-shortcode\" id=\"audio-176-10\" preload=\"none\" style=\"width: 100%;\" controls=\"controls\"><source type=\"audio\/mpeg\" src=\"https:\/\/www.meretroth.com\/wp-content\/uploads\/2017\/03\/audio02_flow_my_tears_john_dowland.mp3?_=10\" \/><a href=\"https:\/\/www.meretroth.com\/wp-content\/uploads\/2017\/03\/audio02_flow_my_tears_john_dowland.mp3\">https:\/\/www.meretroth.com\/wp-content\/uploads\/2017\/03\/audio02_flow_my_tears_john_dowland.mp3<\/a><\/audio>\n<p style=\"text-align: left;\"><span style=\"color: #008080;\">Pierre Funck: Chanson \u00ab\u00a0Les Roses de la vie\u00a0\u00bb<\/span><\/p>\n<audio class=\"wp-audio-shortcode\" id=\"audio-176-11\" preload=\"none\" style=\"width: 100%;\" controls=\"controls\"><source type=\"audio\/mpeg\" src=\"https:\/\/www.meretroth.com\/wp-content\/uploads\/2017\/03\/audio03_les_roses_de_la_vie_pierre_funck.mp3?_=11\" \/><a href=\"https:\/\/www.meretroth.com\/wp-content\/uploads\/2017\/03\/audio03_les_roses_de_la_vie_pierre_funck.mp3\">https:\/\/www.meretroth.com\/wp-content\/uploads\/2017\/03\/audio03_les_roses_de_la_vie_pierre_funck.mp3<\/a><\/audio>\n<p style=\"text-align: left;\"><span style=\"color: #008080;\">Annonce de bienvenue Op\u00e9ra de Zurich<\/span><br \/>\n<span style=\"color: #008080;\">(jou\u00e9 avant chaque spectacle r\u00e9guli\u00e8re)<\/span><\/p>\n<audio class=\"wp-audio-shortcode\" id=\"audio-176-12\" preload=\"none\" style=\"width: 100%;\" controls=\"controls\"><source type=\"audio\/wav\" src=\"https:\/\/www.meretroth.com\/wp-content\/uploads\/2018\/01\/Opernhaus_Ansage_Meret_Roth.wav?_=12\" \/><a href=\"https:\/\/www.meretroth.com\/wp-content\/uploads\/2018\/01\/Opernhaus_Ansage_Meret_Roth.wav\">https:\/\/www.meretroth.com\/wp-content\/uploads\/2018\/01\/Opernhaus_Ansage_Meret_Roth.wav<\/a><\/audio>","protected":false},"excerpt":{"rendered":"<p>G.F. H\u00e4ndel: S\u00fcsser Blumen Ambraflocken&nbsp; John Dowland: Flow My Tears Pierre Funck: Chanson \u00ab\u00a0Les Roses de la vie\u00a0\u00bb Annonce de bienvenue Op\u00e9ra de Zurich (jou\u00e9 avant chaque spectacle r\u00e9guli\u00e8re)<\/p>\n","protected":false},"author":1,"featured_media":5,"parent":0,"menu_order":0,"comment_status":"closed","ping_status":"closed","template":"","meta":{"footnotes":""},"class_list":["post-176","page","type-page","status-publish","has-post-thumbnail","hentry"],"_links":{"self":[{"href":"https:\/\/www.meretroth.com\/fr\/wp-json\/wp\/v2\/pages\/176","targetHints":{"allow":["GET"]}}],"collection":[{"href":"https:\/\/www.meretroth.com\/fr\/wp-json\/wp\/v2\/pages"}],"about":[{"href":"https:\/\/www.meretroth.com\/fr\/wp-json\/wp\/v2\/types\/page"}],"author":[{"embeddable":true,"href":"https:\/\/www.meretroth.com\/fr\/wp-json\/wp\/v2\/users\/1"}],"replies":[{"embeddable":true,"href":"https:\/\/www.meretroth.com\/fr\/wp-json\/wp\/v2\/comments?post=176"}],"version-history":[{"count":16,"href":"https:\/\/www.meretroth.com\/fr\/wp-json\/wp\/v2\/pages\/176\/revisions"}],"predecessor-version":[{"id":4877,"href":"https:\/\/www.meretroth.com\/fr\/wp-json\/wp\/v2\/pages\/176\/revisions\/4877"}],"wp:featuredmedia":[{"embeddable":true,"href":"https:\/\/www.meretroth.com\/fr\/wp-json\/wp\/v2\/media\/5"}],"wp:attachment":[{"href":"https:\/\/www.meretroth.com\/fr\/wp-json\/wp\/v2\/media?parent=176"}],"curies":[{"name":"wp","href":"https:\/\/api.w.org\/{rel}","templated":true}]}}