{"id":173,"date":"2017-03-02T17:16:02","date_gmt":"2017-03-02T16:16:02","guid":{"rendered":"https:\/\/www.meretroth.com\/?page_id=173"},"modified":"2021-08-08T15:54:18","modified_gmt":"2021-08-08T13:54:18","slug":"video","status":"publish","type":"page","link":"https:\/\/www.meretroth.com\/fr\/video\/","title":{"rendered":"Video"},"content":{"rendered":"<p><strong>Urauff\u00fchrung &lsquo;Umformung&rsquo; (Carlos Hidalgo)<\/strong><\/p>\n<p><iframe loading=\"lazy\" title=\"Umformung (Urauff\u00fchrung) F\u00fcr zwei Frauenstimmen und Ensemble\" width=\"990\" height=\"557\" src=\"https:\/\/www.youtube.com\/embed\/au_B3drvpj4?feature=oembed\" frameborder=\"0\" allow=\"accelerometer; autoplay; clipboard-write; encrypted-media; gyroscope; picture-in-picture\" allowfullscreen><\/iframe><\/p>\n<p>Carlos Hidalgo: &lsquo;Umformung&rsquo; (Urauff\u00fchrung Z\u00fcrich 22. M\u00e4rz 2017)<br \/>\nF\u00fcr zwei Frauenstimmen und Ensemble,\u00a0Peter Siegwart (Dirigent)<\/p>\n<p>Meret Roth (Sopran), Jeannine Hirzel (Mezzosopran), Rafal Zolkos (Fl\u00f6te und Bassfl\u00f6te), Viviana Macelleti (Oboe), Oscar Vel\u00e1squez (Klarinette und Bassklarinette), Daniel Herrero (Trompete), Rudolf Hermann (Posaune), Angela K\u00f6ck (Perkussion 1), Gaku Ueno (Perkussion 2), Rahel Schweizer (Harfe), Yuting Mabel Huang (Klavier), Jes\u00fas Merino Ruiz (Bratsche), Isabel Gehweiler (Violoncello), Viktor Varga (Kontrabass), Florian Bogner (Tonmeister), Leandro Gianini (Tonmeister)<\/p>\n<hr \/>\n<p><strong>The Zurich Chamber Singers &#8211; Passio, Album Trailer<\/strong><\/p>\n<p><iframe loading=\"lazy\" title=\"The Zurich Chamber Singers - Passio, Album Trailer\" width=\"990\" height=\"557\" src=\"https:\/\/www.youtube.com\/embed\/Wiku6DV4vJY?feature=oembed\" frameborder=\"0\" allow=\"accelerometer; autoplay; clipboard-write; encrypted-media; gyroscope; picture-in-picture\" allowfullscreen><\/iframe><\/p>\n<p>Commentaires de Meret Roth, Soprano<\/p>\n<hr \/>\n<p><strong>Konzert f\u00fcr Jane Thorner-Mengedoht<\/strong><\/p>\n<p><iframe loading=\"lazy\" title=\"Konzert f\u00fcr Jane Thorner Mengedoht\" width=\"990\" height=\"557\" src=\"https:\/\/www.youtube.com\/embed\/kTm-HPYLvl8?feature=oembed\" frameborder=\"0\" allow=\"accelerometer; autoplay; clipboard-write; encrypted-media; gyroscope; picture-in-picture\" allowfullscreen><\/iframe><\/p>\n<p>ab 5&rsquo;55\u00a0\u00bb Min &#8211; Brahms: Die Schwestern (Meret Roth, Sopran 1 \/ Larissa Bretscher, Sopran 2)<\/p>\n<p>ab 11&rsquo;12\u00a0\u00bb Min &#8211; Improvisation \u00fcber ein Gedicht von R.M. Rilke \u00ab\u00a0Abschied\u00a0\u00bb (mit Natalia Sidler, Klavier)<\/p>\n<hr \/>\n<p><strong>Dialoge 2013<\/strong><\/p>\n<p><iframe loading=\"lazy\" title=\"I Would Prefer Not To\" src=\"https:\/\/player.vimeo.com\/video\/58785997?dnt=1&amp;app_id=122963\" width=\"990\" height=\"557\" frameborder=\"0\" allow=\"autoplay; fullscreen; picture-in-picture\" allowfullscreen><\/iframe><\/p>\n<p>Ausschnitt aus dem St\u00fcck \u00ab\u00a0I would prefer not to\u00a0\u00bb<\/p>\n<hr \/>\n<p><strong>Lucerne Festival 2014<\/strong><\/p>\n<p><iframe loading=\"lazy\" title=\"LUCERNE FESTIVAL Lounge -- Studierende der LUCERNE FESTIVAL ACADEMY\" width=\"990\" height=\"557\" src=\"https:\/\/www.youtube.com\/embed\/ZU7v7TKFuXE?feature=oembed\" frameborder=\"0\" allow=\"accelerometer; autoplay; clipboard-write; encrypted-media; gyroscope; picture-in-picture\" allowfullscreen><\/iframe><\/p>\n<p>Eindr\u00fccke des Bourbaki-Liederabends (Meisterklasse Barbara Hannigan)<\/p>\n<hr \/>\n<p><strong>Lucerne Festival 2014<\/strong><\/p>\n<p><iframe loading=\"lazy\" title=\"LUCERNE FESTIVAL ACADEMY - Episode 2 - Berio: Coro \/ Sir Simon Rattle\" width=\"990\" height=\"557\" src=\"https:\/\/www.youtube.com\/embed\/fSy8y3yX10A?feature=oembed\" frameborder=\"0\" allow=\"accelerometer; autoplay; clipboard-write; encrypted-media; gyroscope; picture-in-picture\" allowfullscreen><\/iframe><\/p>\n<p>Kurze Doku \u00fcber die Auff\u00fchrung von LucianBerio&rsquo;s \u00ab\u00a0Coro\u00a0\u00bb (Leitung Sir Simon Rattle)<\/p>","protected":false},"excerpt":{"rendered":"<p>Urauff\u00fchrung &lsquo;Umformung&rsquo; (Carlos Hidalgo) Carlos Hidalgo: &lsquo;Umformung&rsquo; (Urauff\u00fchrung Z\u00fcrich 22. M\u00e4rz 2017) F\u00fcr zwei Frauenstimmen und Ensemble,\u00a0Peter Siegwart (Dirigent) Meret Roth (Sopran), Jeannine Hirzel (Mezzosopran), Rafal Zolkos (Fl\u00f6te und Bassfl\u00f6te),<a href=\"https:\/\/www.meretroth.com\/fr\/video\/\" class=\"more-link\"><span class=\"readmore\">Continue reading<span class=\"screen-reader-text\">Video<\/span><\/span><\/a><\/p>\n","protected":false},"author":1,"featured_media":5,"parent":0,"menu_order":0,"comment_status":"closed","ping_status":"closed","template":"","meta":{"footnotes":""},"class_list":["post-173","page","type-page","status-publish","has-post-thumbnail","hentry"],"_links":{"self":[{"href":"https:\/\/www.meretroth.com\/fr\/wp-json\/wp\/v2\/pages\/173","targetHints":{"allow":["GET"]}}],"collection":[{"href":"https:\/\/www.meretroth.com\/fr\/wp-json\/wp\/v2\/pages"}],"about":[{"href":"https:\/\/www.meretroth.com\/fr\/wp-json\/wp\/v2\/types\/page"}],"author":[{"embeddable":true,"href":"https:\/\/www.meretroth.com\/fr\/wp-json\/wp\/v2\/users\/1"}],"replies":[{"embeddable":true,"href":"https:\/\/www.meretroth.com\/fr\/wp-json\/wp\/v2\/comments?post=173"}],"version-history":[{"count":14,"href":"https:\/\/www.meretroth.com\/fr\/wp-json\/wp\/v2\/pages\/173\/revisions"}],"predecessor-version":[{"id":5423,"href":"https:\/\/www.meretroth.com\/fr\/wp-json\/wp\/v2\/pages\/173\/revisions\/5423"}],"wp:featuredmedia":[{"embeddable":true,"href":"https:\/\/www.meretroth.com\/fr\/wp-json\/wp\/v2\/media\/5"}],"wp:attachment":[{"href":"https:\/\/www.meretroth.com\/fr\/wp-json\/wp\/v2\/media?parent=173"}],"curies":[{"name":"wp","href":"https:\/\/api.w.org\/{rel}","templated":true}]}}