{"id":10,"date":"2017-03-02T13:18:00","date_gmt":"2017-03-02T12:18:00","guid":{"rendered":"https:\/\/www.meretroth.com\/?page_id=10"},"modified":"2023-09-22T12:40:43","modified_gmt":"2023-09-22T10:40:43","slug":"vita","status":"publish","type":"page","link":"https:\/\/www.meretroth.com\/fr\/","title":{"rendered":"Bio"},"content":{"rendered":"<p><span style=\"color: #000000;\">Meret Roth a \u00e9tudi\u00e9 \u00e0 la <strong>Haute \u00e9cole des arts de Zurich<\/strong> et y a obtenu son master en 2015 dans la classe de Jane Thorner-Mengedoht <strong>avec distinction et un prix de la Fondation Werner et Berti Alter<\/strong>. Elle a obtenu son bachelor avec une <strong>sp\u00e9cialisation en chant baroque<\/strong> avec Jill Feldman. Parall\u00e8lement \u00e0 ses \u00e9tudes musicales, Meret Roth a \u00e9tudi\u00e9 <strong>la communication et les cultures populaires \u00e0 l&rsquo;universit\u00e9 de Zurich<\/strong>, o\u00f9 elle a \u00e9galement obtenu un master.<\/span><\/p>\n<p><span style=\"color: #000000;\">Meret Roth s&rsquo;int\u00e9resse \u00e0 l&rsquo;interpr\u00e9tation <strong>d&rsquo;\u0153uvres baroques et contemporaines, au th\u00e9\u00e2tre musical et \u00e0 l&rsquo;improvisation, et se consacre \u00e9galement avec beaucoup de d\u00e9vouement au chant artistique et au chant d&rsquo;ensemble<\/strong>. En plus de ses engagements en tant que soprano dans le r\u00e9pertoire de concert classique et baroque, elle est active en tant que actrice.<\/span><\/p>\n<p><span style=\"color: #000000;\">En janvier 2016, elle s&rsquo;est produite en tant que soliste avec <strong>l&rsquo;Orchestre symphonique de la radio bavaroise<\/strong> dans le cadre de la s\u00e9rie <strong>Musica viva<\/strong>, lors de la cr\u00e9ation mondiale d&rsquo;une \u0153uvre d&rsquo;Isabel Mundry sous la direction de Susanna M\u00e4lkki.<\/span><\/p>\n<p><span style=\"color: #000000;\">En ao\u00fbt 2014, elle a chant\u00e9 dans le <strong>\u00ab\u00a0Coro\u00a0\u00bb de Luciano Berio<\/strong> pour 40 voix solistes et orchestre, sous la direction de <strong>Sir Simon Rattle<\/strong>, \u00e0 la Lucerne Festival Academy.<\/span><\/p>\n<p><span style=\"color: #000000;\"><strong>Meret Roth est membre des ensembles suivants<\/strong><\/span><\/p>\n<ul>\n<li><span style=\"color: #000000;\">A cappella Folk Song Ensemble <strong><a style=\"color: #000000;\" href=\"https:\/\/www.stimmfolk.com\/\">StimmFolk<\/a><br \/>\n<\/strong><\/span><\/li>\n<li><span style=\"color: #000000;\">Vokalensemble <a style=\"color: #000000;\" href=\"http:\/\/www.zurichchambersingers.com\/zcs-galerie\"><strong>The Z\u00fcrich Chamber Singers<\/strong><\/a><\/span><\/li>\n<li><span style=\"color: #000000;\">Lied-Ensemble <a style=\"color: #000000;\" href=\"http:\/\/www.besuchderlieder.net\/\"><strong>BESUCH DER LIEDER<\/strong><\/a><\/span><\/li>\n<li><span style=\"color: #000000;\"><a style=\"color: #000000;\" href=\"http:\/\/ensemble-lusciniol.com\/\">Barockensemble<strong>\u00a0 Ensemble Lusciniol<\/strong><\/a><\/span><\/li>\n<li><span style=\"color: #000000;\"><a style=\"color: #000000;\" href=\"https:\/\/invisiblecitiesproject.com\">The Invisible Cities Project<\/a><\/span><\/li>\n<li><span style=\"color: #000000;\"><a style=\"color: #000000;\" href=\"http:\/\/www.vokalensemblezuerich.ch\"><strong>Vokalensemble Z\u00fcrich<\/strong><\/a><\/span><\/li>\n<\/ul>\n<p><span style=\"color: #000000;\">Meret Roth appara\u00eet r\u00e9guli\u00e8rement dans des <strong>productions th\u00e9\u00e2trales, musicales et t\u00e9l\u00e9vis\u00e9es<\/strong> depuis l&rsquo;\u00e2ge de sept ans. Parmi ces r\u00f4les, on peut citer Lucy dans <em>The Telefone<\/em> de Menotti, la Premi\u00e8re Dame dans <em>La Fl\u00fbte enchant\u00e9e<\/em> de Mozart, Anne Frank (Le Journal d&rsquo;Anne Frank) pour le groupe de th\u00e9\u00e2tre anglais de Zug, Madeleine dans la sitcom<em> Fertig Lustig<\/em> (T\u00e9l\u00e9vision suisse) et le r\u00f4le de Bastienne dans <em>Bastien und Bastienne<\/em> de Mozart.<\/span><\/p>\n<p><span style=\"color: #000000;\">Meret Roth a particip\u00e9 \u00e0 de nombreuses <strong>premi\u00e8res de com\u00e9dies musicales<\/strong>. Il s&rsquo;agit notamment du th\u00e9\u00e2tre de musique contemporaine <em>Lebewohl &#8211; gute Reise<\/em> (2019) et <em>Der unbekannte Vogel<\/em> (2015) compos\u00e9s par Martin Derungs, du th\u00e9\u00e2tre de musique exp\u00e9rimentale <em>Gedankenspr\u00fcnge &#8211; Zu keinem Zeit betreten<\/em> (composition : Raimund Vogtenhuber) et du <em>Johanneskantate in erweiterter Tonalit\u00e4t<\/em> de Johann Sonnleitner. Au Festival de Zurich, elle a interpr\u00e9t\u00e9 le r\u00f4le de Walter von der Jodelweide dans un persiflage de l&rsquo;op\u00e9ra <em>Tannh\u00e4user<\/em> de R. Wagner.<\/span><\/p>\n<p><span style=\"color: #000000;\"><strong>Meret Roth a particip\u00e9 \u00e0 des master classes et des ateliers avec&#8230;<\/strong><\/span><\/p>\n<p><span style=\"color: #000000;\">Barbara Hannigan<\/span><br \/>\n<span style=\"color: #000000;\">Donatienne Michel-Dansac<\/span><br \/>\n<span style=\"color: #000000;\">Marijana Mijanovic<\/span><br \/>\n<span style=\"color: #000000;\">Sarah Maria Sun<\/span><br \/>\n<span style=\"color: #000000;\">Daniel Fueter<\/span><br \/>\n<span style=\"color: #000000;\">Jakob St\u00e4mpfli<\/span><\/p>\n<p><span style=\"color: #000000;\"><strong>\u00c9ducation<\/strong><\/span><br \/>\n<span style=\"color: #000000;\">* Ma\u00eetrise avec distinction<\/span><br \/>\n<span style=\"color: #000000;\">* Prix de la Fondation Werner Berti et Alter<\/span><br \/>\n<span style=\"color: #000000;\">* Focus sur le chant baroque avec Jill Feldman dans le cadre du programme de licence<\/span><br \/>\n<span style=\"color: #000000;\">* Focus sur le th\u00e9\u00e2tre musical avec Jane Thorner-Mengedoht dans le cadre du Master<\/span><\/p>\n<p><span style=\"color: #000000;\"><strong>Universit\u00e9 des arts de Zurich, chant classique<\/strong><\/span><br \/>\n<span style=\"color: #000000;\">Master en interpr\u00e9tation musicale<\/span><br \/>\n<span style=\"color: #000000;\">Master en p\u00e9dagogie de la musique<\/span><br \/>\n<span style=\"color: #000000;\">Licence en musique<\/span><\/p>\n<p><span style=\"color: #000000;\"><strong>Universit\u00e9 de Zurich<\/strong><\/span><br \/>\n<span style=\"color: #000000;\">Licenci\u00e9 phil. Facult\u00e9 (Lic. Phil.)<\/span><br \/>\n<span style=\"color: #000000;\">Major en journalisme et en sciences de la communication<\/span><br \/>\n<span style=\"color: #000000;\">Sujets subsidiaires folklore, histoire<\/span><\/p>\n<p><span style=\"color: #000000;\">Meret Roth travaille dans<strong> le domaine de<\/strong> <strong>la culture et de la gestion de projets<\/strong> parall\u00e8lement \u00e0 ses activit\u00e9s de chanteuse. Jusqu&rsquo;en 2017, elle a travaill\u00e9 dans le d\u00e9partement marketing de <strong>l&rsquo;Op\u00e9ra de Zurich<\/strong>. En 2018, elle vit \u00e0 Paris et travaille sur un mandat pour l&rsquo;ann\u00e9e Beethoven 2020 <strong>\u00e0 la Philharmonie de Paris<\/strong>. Depuis la fin de 2018, elle est revenue \u00e0 <strong>l&rsquo;Op\u00e9ra de Zurich<\/strong> en tant qu&rsquo;Event Manager et poursuit sa formation vocale en priv\u00e9 avec la soprano Barbara B\u00f6hi. Elle enseigne \u00e9galement le chant en priv\u00e9.<\/span><\/p>\n<p><span style=\"color: #000000;\"><\/span><\/p>","protected":false},"excerpt":{"rendered":"<p>Meret Roth a \u00e9tudi\u00e9 \u00e0 la Haute \u00e9cole des arts de Zurich et y a obtenu son master en 2015 dans la classe de Jane Thorner-Mengedoht avec distinction et un<a href=\"https:\/\/www.meretroth.com\/fr\/\" class=\"more-link\"><span class=\"readmore\">Continue reading<span class=\"screen-reader-text\">Bio<\/span><\/span><\/a><\/p>\n","protected":false},"author":1,"featured_media":718,"parent":0,"menu_order":0,"comment_status":"closed","ping_status":"closed","template":"","meta":{"footnotes":""},"class_list":["post-10","page","type-page","status-publish","has-post-thumbnail","hentry"],"_links":{"self":[{"href":"https:\/\/www.meretroth.com\/fr\/wp-json\/wp\/v2\/pages\/10","targetHints":{"allow":["GET"]}}],"collection":[{"href":"https:\/\/www.meretroth.com\/fr\/wp-json\/wp\/v2\/pages"}],"about":[{"href":"https:\/\/www.meretroth.com\/fr\/wp-json\/wp\/v2\/types\/page"}],"author":[{"embeddable":true,"href":"https:\/\/www.meretroth.com\/fr\/wp-json\/wp\/v2\/users\/1"}],"replies":[{"embeddable":true,"href":"https:\/\/www.meretroth.com\/fr\/wp-json\/wp\/v2\/comments?post=10"}],"version-history":[{"count":57,"href":"https:\/\/www.meretroth.com\/fr\/wp-json\/wp\/v2\/pages\/10\/revisions"}],"predecessor-version":[{"id":7528,"href":"https:\/\/www.meretroth.com\/fr\/wp-json\/wp\/v2\/pages\/10\/revisions\/7528"}],"wp:featuredmedia":[{"embeddable":true,"href":"https:\/\/www.meretroth.com\/fr\/wp-json\/wp\/v2\/media\/718"}],"wp:attachment":[{"href":"https:\/\/www.meretroth.com\/fr\/wp-json\/wp\/v2\/media?parent=10"}],"curies":[{"name":"wp","href":"https:\/\/api.w.org\/{rel}","templated":true}]}}